{"id":1957,"date":"2022-03-08T13:44:03","date_gmt":"2022-03-08T12:44:03","guid":{"rendered":"https:\/\/h2-mobility.de\/willkommen-im-weltweit-groessten-wasserstoff-tankstellennetz\/"},"modified":"2024-09-13T13:41:44","modified_gmt":"2024-09-13T11:41:44","slug":"welcome-to-h2-mobility-germany","status":"publish","type":"page","link":"https:\/\/h2-mobility.de\/en\/","title":{"rendered":"WELCOME TO H2 MOBILITY Deutschland"},"content":{"rendered":"\n\n\n<div>\n\n    <div class=\"PageHeaderModule   \">\n        \n        \n            <div class=\"PageHeaderModule__MediaWrapper\">\n            \n                \n                \n                    \n                                            <div class=\"PageHeaderModule__Video visible\" >\n                            <video preload=\"auto\" loop autoPlay muted>\n                                <source src=\"\" type=\"video\/webm\">\n                                <source src=\"\" type=\"video\/ogv\">\n                                <source src=\"https:\/\/h2-mobility.de\/wp-content\/uploads\/sites\/2\/2024\/06\/H2-Mobility_Website-Loop_small.mp4\" type=\"video\/mp4\">\n                            <\/video>\n                        <\/div>\n                    \n                \n                \n            <\/div>\n\n\n                \n\n        \n        <div>\n            <div class=\"PageHeaderModule__Text PageHeaderModule__Text--onImage\">\n\n                            <div class=\"PageHeaderModule__Headline\">\n                    <h1><strong>Fuelling progress with hydrogen<\/strong><\/h1>\n                <\/div>\n            \n            <\/div>\n\n                    <div class=\"PageHeaderModule__Intro\">\n                Hydrogen (H2) as a fuel is already suitable for everyday use in mobility. Especially in the transport sector, hydrogen is an emission-free alternative with short refuelling times and long ranges, without any restrictions on the payload.<br><br>We are your partner for customized hydrogen refuelling station solutions. With our many years of experience and comprehensive range of services, we are ready to help you succeed.   \n            <\/div>\n              \n        \n                 \n\n                      \n\n        <\/div>\n\n\n    <\/div>\n\n\n<\/div>\n\n\n\n\n\t<style>\n\t.uq_727505521 {\n\t\tbackground-image: url( https:\/\/h2-mobility.de\/wp-content\/uploads\/sites\/2\/2024\/09\/Fotoshooting-hylane-PAUL_Frankenthal-072024-Edit_c-H2-MOBILITY_ohne-Logos-1440x960.png );\n\t}\n\n\t\t\t@media  (max-width: 576px) {\n\t\t\t.uq_727505521 {\n\t\t\t\tbackground-image: url( https:\/\/h2-mobility.de\/wp-content\/uploads\/sites\/2\/2024\/09\/Fotoshooting-hylane-PAUL_Frankenthal-072024-Edit_c-H2-MOBILITY_ohne-Logos-576x384.png );\n\t\t\t}\n\t\t}\n\t\t\t@media  (min-width: 576px) and  (max-width: 768px) {\n\t\t\t.uq_727505521 {\n\t\t\t\tbackground-image: url( https:\/\/h2-mobility.de\/wp-content\/uploads\/sites\/2\/2024\/09\/Fotoshooting-hylane-PAUL_Frankenthal-072024-Edit_c-H2-MOBILITY_ohne-Logos-768x512.png );\n\t\t\t}\n\t\t}\n\t\t\t@media  (min-width: 768px) and  (max-width: 992px) {\n\t\t\t.uq_727505521 {\n\t\t\t\tbackground-image: url( https:\/\/h2-mobility.de\/wp-content\/uploads\/sites\/2\/2024\/09\/Fotoshooting-hylane-PAUL_Frankenthal-072024-Edit_c-H2-MOBILITY_ohne-Logos-992x661.png );\n\t\t\t}\n\t\t}\n\t\t\t@media  (min-width: 992px) and  (max-width: 1200px) {\n\t\t\t.uq_727505521 {\n\t\t\t\tbackground-image: url( https:\/\/h2-mobility.de\/wp-content\/uploads\/sites\/2\/2024\/09\/Fotoshooting-hylane-PAUL_Frankenthal-072024-Edit_c-H2-MOBILITY_ohne-Logos-1200x800.png );\n\t\t\t}\n\t\t}\n\t\t\t@media  (min-width: 1200px) and  (max-width: 1440px) {\n\t\t\t.uq_727505521 {\n\t\t\t\tbackground-image: url( https:\/\/h2-mobility.de\/wp-content\/uploads\/sites\/2\/2024\/09\/Fotoshooting-hylane-PAUL_Frankenthal-072024-Edit_c-H2-MOBILITY_ohne-Logos-1440x960.png );\n\t\t\t}\n\t\t}\n\t\t\t@media  (min-width: 1440px) and  (max-width: 1980px) {\n\t\t\t.uq_727505521 {\n\t\t\t\tbackground-image: url( https:\/\/h2-mobility.de\/wp-content\/uploads\/sites\/2\/2024\/09\/Fotoshooting-hylane-PAUL_Frankenthal-072024-Edit_c-H2-MOBILITY_ohne-Logos-1980x1320.png );\n\t\t\t}\n\t\t}\n\t\t\t@media  (min-width: 1980px) and  (max-width: 2560px) {\n\t\t\t.uq_727505521 {\n\t\t\t\tbackground-image: url( https:\/\/h2-mobility.de\/wp-content\/uploads\/sites\/2\/2024\/09\/Fotoshooting-hylane-PAUL_Frankenthal-072024-Edit_c-H2-MOBILITY_ohne-Logos-2560x1707.png );\n\t\t\t}\n\t\t}\n\t<\/style>\n\n<section \n\tclass=\"ModuleList__Item Module\n\t\tuq_727505521 \n\t\t \n\t\t \n\t\t \n\t\tModule--backgroundImage\n\t\t\n\t\"\n\t>\n\n\t\t\n\t\t\t\n\t\t\t<div class=\"Module__Headline padding-left \">\n\n\t\t\t\t<h2 class=\"Headline Headline--H1 Headline--white \">\n  <strong><br><br>Together we move great things with hydrogen<\/strong>\n<\/h2>\n\t\t\t<\/div>\n\n\t\t\n\t\t\n\t\t\t<div class=\"Module__Subline Text Module__Subline--white\">\n\t\t\t\t<br><br><br><br><br><br><br>\n\t\t\t<\/div>\n\n\t\t\n\t\t<div class=\"Module__Content noflex\"><\/div>\n\n\t\t\n<\/section>\n\n<section class=\"ModuleList__Item Module\">\n\t<div class=\"Module__Content\">\n\t\t<div class=\"FooterWidget\">\n\t\t\t<div class=\"FooterWidget__Items\">\n\t\t\t\t\n\n<div class=\"FooterWidget__ItemWrapper\">\n\t <a href=\"https:\/\/h2-mobility.de\/en\/switching-to-hydrogen\/\"> \t\t<div class=\"FooterWidget__Item\">\n\t\t\t<h3 class=\"FooterWidget__ItemHeadline Headline Headline--H1 Headline--bold Headline--white Headline--underline\">Test hydrogen drive and secure benefits<\/h3>\n\t\t\t<div class=\"FooterWidget__ItemText\">Our H2 filling station network forms the foundation for the mobility of your high-performance e-vehicle fleet. We support you in successfully switching to H2. Become a cooperation partner now.<\/div>\n\t\t\t <div class=\"FooterWidget__ReadMore SimpleLink SimpleLink--white\">Read More<\/div> \t\t<\/div>\n\t <\/a> <\/div>\n\n\n<div class=\"FooterWidget__ItemWrapper\">\n\t <a href=\"https:\/\/h2-mobility.de\/en\/hydrogenfuelingstation-projectdevelopment-construction-operation\/\"> \t\t<div class=\"FooterWidget__Item\">\n\t\t\t<h3 class=\"FooterWidget__ItemHeadline Headline Headline--H1 Headline--bold Headline--white Headline--underline\">We develop, build, and operate your hydrogen filling station<\/h3>\n\t\t\t<div class=\"FooterWidget__ItemText\">As an expert with many years of experience, we offer comprehensive solutions and services including site assessment, planning, construction, and operation for your H2 station.<\/div>\n\t\t\t <div class=\"FooterWidget__ReadMore SimpleLink SimpleLink--white\">Read More<\/div> \t\t<\/div>\n\t <\/a> <\/div>\n\n\t\t\t<\/div>\n\t\t<\/div>\n\t<\/div>\n<\/section>\n\n\n\n\n\n\n\t<style>\n\t.uq_751784494 {\n\t\tbackground-image: url(  );\n\t}\n\n\t<\/style>\n\n<section \n\tclass=\"ModuleList__Item Module\n\t\tuq_751784494 \n\t\t \n\t\t \n\t\t \n\t\tModule--backgroundImage\n\t\t\n\t\"\n\t>\n\n\t\t\n\t\t\n\t\t<div class=\"Module__Content noflex\">\n<style>\n\t@media (min-width: 992px) {\n\t\t.uniq_1583182789 .h2live-teaser-imagecell {\n\t\t\twidth: 50% \n\t\t}\n\t\t.uniq_1583182789 .h2live-teaser-textcell {\n\t\t\twidth: 50%\n\t\t}\n\t}\n<\/style>\n<div class=\"h2live-teaser uniq_1583182789  reverse\">\n\t<div class=\"h2live-teaser-imagecell  right \">\n\t\t\n<div class=\"PictureModule uq_1258521260\">\n\t<picture>\n\t\t\t\t\t<source media=\"(max-width:576px)\" srcset=\"https:\/\/h2-mobility.de\/wp-content\/uploads\/sites\/2\/2024\/09\/H2-Tankkarte-Mockup-1-576x394.jpg\">\n\t\t\t\t\t<source media=\"(max-width:768px)\" srcset=\"https:\/\/h2-mobility.de\/wp-content\/uploads\/sites\/2\/2024\/09\/H2-Tankkarte-Mockup-1-768x526.jpg\">\n\t\t\t\t\t<source media=\"(max-width:992px)\" srcset=\"https:\/\/h2-mobility.de\/wp-content\/uploads\/sites\/2\/2024\/09\/H2-Tankkarte-Mockup-1-992x679.jpg\">\n\t\t\t\t\t<source media=\"(max-width:1200px)\" srcset=\"https:\/\/h2-mobility.de\/wp-content\/uploads\/sites\/2\/2024\/09\/H2-Tankkarte-Mockup-1-1200x822.jpg\">\n\t\t\t\t\t<source media=\"(max-width:1440px)\" srcset=\"https:\/\/h2-mobility.de\/wp-content\/uploads\/sites\/2\/2024\/09\/H2-Tankkarte-Mockup-1-1440x986.jpg\">\n\t\t\t\t\t<source media=\"(max-width:1980px)\" srcset=\"https:\/\/h2-mobility.de\/wp-content\/uploads\/sites\/2\/2024\/09\/H2-Tankkarte-Mockup-1-1980x1356.jpg\">\n\t\t\t\t\t<source media=\"(max-width:2560px)\" srcset=\"https:\/\/h2-mobility.de\/wp-content\/uploads\/sites\/2\/2024\/09\/H2-Tankkarte-Mockup-1-2560x1753.jpg\">\n\t\t\t\t<img decoding=\"async\" width=\"992\" height=\"679\" src=\"https:\/\/h2-mobility.de\/wp-content\/uploads\/sites\/2\/2024\/09\/H2-Tankkarte-Mockup-1-992x679.jpg\"  loading=\"lazy\" >\n\t<\/picture>\n\t<\/div>\t<\/div>\n\t<div class=\"h2live-teaser-textcell  left\">\n\t\t<div class=\"h2live-teaser-textcell-text\">You need a fuel card?<\/div>\n\t\t\t\t\t<p>Invoicing at our stations is based on the H2 MOBILITY Card. You can apply for it via H2.LIVE and will then receive a monthly invoice for all refueling transactions authorized with your H2 MOBILITY Card. You can conveniently pay your monthly bill by SEPA direct debit or bank transfer.<br><\/p>\n\t\t\t\t\t\t\t<p>\n\t\t\t<a href=\"https:\/\/my.h2.live\/ceemes\/page\/show\/myh2live?\" target=\"_blank\">\n\t<button class=\" Button Button-- \n\t\t\n\t\t\n\t\t\n\t\t\n\t\t\n\t\t Button--new_tab\n\t\">\n\t\tApply for the H2 MOBILITY Card\n\t<\/button>\n<\/a>\t\t\t<\/p>\n\t\t\t\t\t<\/div>\n<\/div>\n<\/div>\n\n\t\t\n<\/section>\n\n\n\n\n\n\n\n\n\n\n\n\n\n\n\n\t<style>\n\t.uq_244335073 {\n\t\tbackground-image: url( https:\/\/h2-mobility.de\/wp-content\/uploads\/sites\/2\/2021\/07\/200914_maxjackwerth__DSC5800-1440x960.png );\n\t}\n\n\t\t\t@media  (max-width: 576px) {\n\t\t\t.uq_244335073 {\n\t\t\t\tbackground-image: url( https:\/\/h2-mobility.de\/wp-content\/uploads\/sites\/2\/2021\/07\/200914_maxjackwerth__DSC5800-576x384.png );\n\t\t\t}\n\t\t}\n\t\t\t@media  (min-width: 576px) and  (max-width: 768px) {\n\t\t\t.uq_244335073 {\n\t\t\t\tbackground-image: url( https:\/\/h2-mobility.de\/wp-content\/uploads\/sites\/2\/2021\/07\/200914_maxjackwerth__DSC5800-768x512.png );\n\t\t\t}\n\t\t}\n\t\t\t@media  (min-width: 768px) and  (max-width: 992px) {\n\t\t\t.uq_244335073 {\n\t\t\t\tbackground-image: url( https:\/\/h2-mobility.de\/wp-content\/uploads\/sites\/2\/2021\/07\/200914_maxjackwerth__DSC5800-992x661.png );\n\t\t\t}\n\t\t}\n\t\t\t@media  (min-width: 992px) and  (max-width: 1200px) {\n\t\t\t.uq_244335073 {\n\t\t\t\tbackground-image: url( https:\/\/h2-mobility.de\/wp-content\/uploads\/sites\/2\/2021\/07\/200914_maxjackwerth__DSC5800-1200x800.png );\n\t\t\t}\n\t\t}\n\t\t\t@media  (min-width: 1200px) and  (max-width: 1440px) {\n\t\t\t.uq_244335073 {\n\t\t\t\tbackground-image: url( https:\/\/h2-mobility.de\/wp-content\/uploads\/sites\/2\/2021\/07\/200914_maxjackwerth__DSC5800-1440x960.png );\n\t\t\t}\n\t\t}\n\t\t\t@media  (min-width: 1440px) and  (max-width: 1980px) {\n\t\t\t.uq_244335073 {\n\t\t\t\tbackground-image: url( https:\/\/h2-mobility.de\/wp-content\/uploads\/sites\/2\/2021\/07\/200914_maxjackwerth__DSC5800-1980x1320.png );\n\t\t\t}\n\t\t}\n\t\t\t@media  (min-width: 1980px) and  (max-width: 2560px) {\n\t\t\t.uq_244335073 {\n\t\t\t\tbackground-image: url( https:\/\/h2-mobility.de\/wp-content\/uploads\/sites\/2\/2021\/07\/200914_maxjackwerth__DSC5800-2560x1707.png );\n\t\t\t}\n\t\t}\n\t<\/style>\n\n<section \n\tclass=\"ModuleList__Item Module\n\t\tuq_244335073 \n\t\t \n\t\t \n\t\t \n\t\tModule--backgroundImage\n\t\tModule--darkBackgroundImage\n\t\"\n\t>\n\n\t\t\n\t\t\t\n\t\t\t<div class=\"Module__Headline padding-left \">\n\n\t\t\t\t<h2 class=\"Headline Headline--H1 Headline--white \">\n  <strong><br>Would you like to receive more information?<\/strong>\n<\/h2>\n\t\t\t<\/div>\n\n\t\t\n\t\t\n\t\t\t<div class=\"Module__Subline Text Module__Subline--white\">\n\t\t\t\tOr do you have a question? Just write to us.\n\t\t\t<\/div>\n\n\t\t\n\t\t<div class=\"Module__Content noflex\">\n<a href=\"mailto:contact@h2-mobility.de\" >\n\t<button class=\" Button Button-- \n\t\t\n\t\t\n\t\t\n\t\t Button--whiteTransparent\n\t\t\n\t\t\n\t\">\n\t\tContact\n\t<\/button>\n<\/a>\n<\/div>\n\n\t\t\n<\/section>","protected":false},"excerpt":{"rendered":"","protected":false},"author":4,"featured_media":0,"parent":0,"menu_order":0,"comment_status":"closed","ping_status":"closed","template":"","meta":{"list_content":"","list_badge":"","info_top_bar_text":"","info_top_bar_active":false,"footnotes":""},"class_list":["post-1957","page","type-page","status-publish","hentry"],"yoast_head":"<!-- This site is optimized with the Yoast SEO plugin v27.3 - https:\/\/yoast.com\/product\/yoast-seo-wordpress\/ -->\n<title>Wasserstofftankstellen und Fortschritt f\u00fcr Ihren Fuhrpark mit H2<\/title>\n<meta name=\"description\" content=\"H2 MOBILITY ist Ihr Partner f\u00fcr Entwicklung, Bau und Betrieb von Wasserstofftankstellen und f\u00fcr den Umstieg Ihrer Fahrzeugflotte auf H2.\" \/>\n<meta name=\"robots\" content=\"index, follow, max-snippet:-1, max-image-preview:large, max-video-preview:-1\" \/>\n<link rel=\"canonical\" href=\"https:\/\/h2-mobility.de\/en\/\" \/>\n<meta property=\"og:locale\" content=\"en_US\" \/>\n<meta property=\"og:type\" content=\"article\" \/>\n<meta property=\"og:title\" content=\"Wasserstofftankstellen und Fortschritt f\u00fcr Ihren Fuhrpark mit H2\" \/>\n<meta property=\"og:description\" content=\"H2 MOBILITY ist Ihr Partner f\u00fcr Entwicklung, Bau und Betrieb von Wasserstofftankstellen und f\u00fcr den Umstieg Ihrer Fahrzeugflotte auf H2.\" \/>\n<meta property=\"og:url\" content=\"https:\/\/h2-mobility.de\/en\/\" \/>\n<meta property=\"og:site_name\" content=\"H2Mobility\" \/>\n<meta property=\"article:modified_time\" content=\"2024-09-13T11:41:44+00:00\" \/>\n<meta name=\"twitter:card\" content=\"summary_large_image\" \/>\n<script type=\"application\/ld+json\" class=\"yoast-schema-graph\">{\"@context\":\"https:\\\/\\\/schema.org\",\"@graph\":[{\"@type\":\"WebPage\",\"@id\":\"https:\\\/\\\/h2-mobility.de\\\/en\\\/\",\"url\":\"https:\\\/\\\/h2-mobility.de\\\/en\\\/\",\"name\":\"Wasserstofftankstellen und Fortschritt f\u00fcr Ihren Fuhrpark mit H2\",\"isPartOf\":{\"@id\":\"https:\\\/\\\/h2-mobility.de\\\/en\\\/#website\"},\"datePublished\":\"2022-03-08T12:44:03+00:00\",\"dateModified\":\"2024-09-13T11:41:44+00:00\",\"description\":\"H2 MOBILITY ist Ihr Partner f\u00fcr Entwicklung, Bau und Betrieb von Wasserstofftankstellen und f\u00fcr den Umstieg Ihrer Fahrzeugflotte auf H2.\",\"breadcrumb\":{\"@id\":\"https:\\\/\\\/h2-mobility.de\\\/en\\\/#breadcrumb\"},\"inLanguage\":\"en-US\",\"potentialAction\":[{\"@type\":\"ReadAction\",\"target\":[\"https:\\\/\\\/h2-mobility.de\\\/en\\\/\"]}]},{\"@type\":\"BreadcrumbList\",\"@id\":\"https:\\\/\\\/h2-mobility.de\\\/en\\\/#breadcrumb\",\"itemListElement\":[{\"@type\":\"ListItem\",\"position\":1,\"name\":\"Home\",\"item\":\"https:\\\/\\\/h2-mobility.de\\\/en\\\/\"},{\"@type\":\"ListItem\",\"position\":2,\"name\":\"WELCOME TO H2 MOBILITY Deutschland\"}]},{\"@type\":\"WebSite\",\"@id\":\"https:\\\/\\\/h2-mobility.de\\\/en\\\/#website\",\"url\":\"https:\\\/\\\/h2-mobility.de\\\/en\\\/\",\"name\":\"H2Mobility\",\"description\":\"Eine weitere H2.LIVE Sites Website\",\"potentialAction\":[{\"@type\":\"SearchAction\",\"target\":{\"@type\":\"EntryPoint\",\"urlTemplate\":\"https:\\\/\\\/h2-mobility.de\\\/en\\\/?s={search_term_string}\"},\"query-input\":{\"@type\":\"PropertyValueSpecification\",\"valueRequired\":true,\"valueName\":\"search_term_string\"}}],\"inLanguage\":\"en-US\"}]}<\/script>\n<!-- \/ Yoast SEO plugin. -->","yoast_head_json":{"title":"Wasserstofftankstellen und Fortschritt f\u00fcr Ihren Fuhrpark mit H2","description":"H2 MOBILITY ist Ihr Partner f\u00fcr Entwicklung, Bau und Betrieb von Wasserstofftankstellen und f\u00fcr den Umstieg Ihrer Fahrzeugflotte auf H2.","robots":{"index":"index","follow":"follow","max-snippet":"max-snippet:-1","max-image-preview":"max-image-preview:large","max-video-preview":"max-video-preview:-1"},"canonical":"https:\/\/h2-mobility.de\/en\/","og_locale":"en_US","og_type":"article","og_title":"Wasserstofftankstellen und Fortschritt f\u00fcr Ihren Fuhrpark mit H2","og_description":"H2 MOBILITY ist Ihr Partner f\u00fcr Entwicklung, Bau und Betrieb von Wasserstofftankstellen und f\u00fcr den Umstieg Ihrer Fahrzeugflotte auf H2.","og_url":"https:\/\/h2-mobility.de\/en\/","og_site_name":"H2Mobility","article_modified_time":"2024-09-13T11:41:44+00:00","twitter_card":"summary_large_image","schema":{"@context":"https:\/\/schema.org","@graph":[{"@type":"WebPage","@id":"https:\/\/h2-mobility.de\/en\/","url":"https:\/\/h2-mobility.de\/en\/","name":"Wasserstofftankstellen und Fortschritt f\u00fcr Ihren Fuhrpark mit H2","isPartOf":{"@id":"https:\/\/h2-mobility.de\/en\/#website"},"datePublished":"2022-03-08T12:44:03+00:00","dateModified":"2024-09-13T11:41:44+00:00","description":"H2 MOBILITY ist Ihr Partner f\u00fcr Entwicklung, Bau und Betrieb von Wasserstofftankstellen und f\u00fcr den Umstieg Ihrer Fahrzeugflotte auf H2.","breadcrumb":{"@id":"https:\/\/h2-mobility.de\/en\/#breadcrumb"},"inLanguage":"en-US","potentialAction":[{"@type":"ReadAction","target":["https:\/\/h2-mobility.de\/en\/"]}]},{"@type":"BreadcrumbList","@id":"https:\/\/h2-mobility.de\/en\/#breadcrumb","itemListElement":[{"@type":"ListItem","position":1,"name":"Home","item":"https:\/\/h2-mobility.de\/en\/"},{"@type":"ListItem","position":2,"name":"WELCOME TO H2 MOBILITY Deutschland"}]},{"@type":"WebSite","@id":"https:\/\/h2-mobility.de\/en\/#website","url":"https:\/\/h2-mobility.de\/en\/","name":"H2Mobility","description":"Eine weitere H2.LIVE Sites Website","potentialAction":[{"@type":"SearchAction","target":{"@type":"EntryPoint","urlTemplate":"https:\/\/h2-mobility.de\/en\/?s={search_term_string}"},"query-input":{"@type":"PropertyValueSpecification","valueRequired":true,"valueName":"search_term_string"}}],"inLanguage":"en-US"}]}},"_links":{"self":[{"href":"https:\/\/h2-mobility.de\/en\/wp-json\/wp\/v2\/pages\/1957","targetHints":{"allow":["GET"]}}],"collection":[{"href":"https:\/\/h2-mobility.de\/en\/wp-json\/wp\/v2\/pages"}],"about":[{"href":"https:\/\/h2-mobility.de\/en\/wp-json\/wp\/v2\/types\/page"}],"author":[{"embeddable":true,"href":"https:\/\/h2-mobility.de\/en\/wp-json\/wp\/v2\/users\/4"}],"replies":[{"embeddable":true,"href":"https:\/\/h2-mobility.de\/en\/wp-json\/wp\/v2\/comments?post=1957"}],"version-history":[{"count":54,"href":"https:\/\/h2-mobility.de\/en\/wp-json\/wp\/v2\/pages\/1957\/revisions"}],"predecessor-version":[{"id":4442,"href":"https:\/\/h2-mobility.de\/en\/wp-json\/wp\/v2\/pages\/1957\/revisions\/4442"}],"wp:attachment":[{"href":"https:\/\/h2-mobility.de\/en\/wp-json\/wp\/v2\/media?parent=1957"}],"curies":[{"name":"wp","href":"https:\/\/api.w.org\/{rel}","templated":true}]}}